{"id":619,"date":"2025-10-08T17:38:43","date_gmt":"2025-10-08T16:38:43","guid":{"rendered":"https:\/\/baeren-twann.ch\/?page_id=619"},"modified":"2025-10-08T17:39:57","modified_gmt":"2025-10-08T16:39:57","slug":"shipping","status":"publish","type":"page","link":"https:\/\/baeren-twann.ch\/en\/current\/shipping\/","title":{"rendered":"Shipping"},"content":{"rendered":"<div data-elementor-type=\"wp-page\" data-elementor-id=\"619\" class=\"elementor elementor-619\" data-elementor-post-type=\"page\">\n\t\t\t\t<div class=\"elementor-element elementor-element-5f8ca75 e-con-full e-flex e-con e-parent\" data-id=\"5f8ca75\" data-element_type=\"container\">\n\t\t\t\t<div class=\"elementor-element elementor-element-8579486 elementor-arrows-position-inside elementor-widget elementor-widget-n-carousel\" data-id=\"8579486\" data-element_type=\"widget\" data-settings=\"{&quot;carousel_items&quot;:[{&quot;slide_title&quot;:&quot;Slide #1&quot;,&quot;_id&quot;:&quot;0b356e6&quot;},{&quot;slide_title&quot;:&quot;Slide #1&quot;,&quot;_id&quot;:&quot;8aa3260&quot;}],&quot;slides_to_show&quot;:&quot;1&quot;,&quot;slides_to_scroll&quot;:&quot;1&quot;,&quot;image_spacing_custom&quot;:{&quot;unit&quot;:&quot;px&quot;,&quot;size&quot;:0,&quot;sizes&quot;:[]},&quot;slides_to_show_tablet&quot;:&quot;1&quot;,&quot;slides_to_scroll_tablet&quot;:&quot;1&quot;,&quot;slides_to_show_mobile&quot;:&quot;1&quot;,&quot;infinite&quot;:&quot;yes&quot;,&quot;speed&quot;:500,&quot;offset_sides&quot;:&quot;none&quot;,&quot;arrows&quot;:&quot;yes&quot;,&quot;image_spacing_custom_laptop&quot;:{&quot;unit&quot;:&quot;px&quot;,&quot;size&quot;:&quot;&quot;,&quot;sizes&quot;:[]},&quot;image_spacing_custom_tablet&quot;:{&quot;unit&quot;:&quot;px&quot;,&quot;size&quot;:&quot;&quot;,&quot;sizes&quot;:[]},&quot;image_spacing_custom_mobile&quot;:{&quot;unit&quot;:&quot;px&quot;,&quot;size&quot;:&quot;&quot;,&quot;sizes&quot;:[]}}\" data-widget_type=\"nested-carousel.default\">\n\t\t\t\t\t\t\t<div class=\"e-n-carousel swiper\" role=\"region\" aria-roledescription=\"carousel\" aria-label=\"Carousel\" dir=\"ltr\">\n\t\t\t<div class=\"swiper-wrapper\" aria-live=\"polite\">\n\t\t\t\t\t\t\t\t\t\t<div class=\"swiper-slide\" data-slide=\"1\" role=\"group\" aria-roledescription=\"slide\" aria-label=\"1 from 2\">\n\t\t\t\t\t\t\t<div class=\"elementor-element elementor-element-6bb78cd e-con-full e-flex e-con e-child\" data-id=\"6bb78cd\" data-element_type=\"container\">\n\t\t<div class=\"elementor-element elementor-element-c7dd005 e-con-full e-flex e-con e-child\" data-id=\"c7dd005\" data-element_type=\"container\" data-settings=\"{&quot;background_background&quot;:&quot;classic&quot;}\">\n\t\t\t\t<\/div>\n\t\t\t\t<\/div>\n\t\t\t\t\t\t\t\t<\/div>\n\t\t\t\t\t\t\t\t\t\t\t<div class=\"swiper-slide\" data-slide=\"2\" role=\"group\" aria-roledescription=\"slide\" aria-label=\"2 from 2\">\n\t\t\t\t\t\t\t<div class=\"elementor-element elementor-element-a34ad38 e-con-full e-flex e-con e-child\" data-id=\"a34ad38\" data-element_type=\"container\">\n\t\t<div class=\"elementor-element elementor-element-1679596 e-con-full e-flex e-con e-child\" data-id=\"1679596\" data-element_type=\"container\" data-settings=\"{&quot;background_background&quot;:&quot;classic&quot;}\">\n\t\t\t\t<\/div>\n\t\t\t\t<\/div>\n\t\t\t\t\t\t\t\t<\/div>\n\t\t\t\t\t\t\t\t<\/div>\n\t\t<\/div>\n\t\t\t\t\t<div class=\"elementor-swiper-button elementor-swiper-button-prev\" role=\"button\" tabindex=\"0\" aria-label=\"Previous\">\n\t\t\t\t<svg xmlns=\"http:\/\/www.w3.org\/2000\/svg\" width=\"40\" height=\"69\" viewbox=\"0 0 40 69\" fill=\"none\"><rect width=\"40\" height=\"69\" fill=\"#5C170C\"><\/rect><path d=\"M24.7109 44.2941L16.2579 35.7053C16.0725 35.5179 15.9685 35.265 15.9685 35.0014C15.9685 34.7378 16.0725 34.4848 16.2579 34.2974L24.709 25.7068C24.8943 25.5182 24.9982 25.2645 24.9982 25.0001C24.9982 24.7357 24.8943 24.4819 24.709 24.2934C24.6185 24.2005 24.5103 24.1267 24.3909 24.0763C24.2714 24.026 24.143 24 24.0133 24C23.8837 24 23.7553 24.026 23.6358 24.0763C23.5163 24.1267 23.4081 24.2005 23.3176 24.2934L14.8665 32.8803C14.3111 33.4459 14 34.2069 14 34.9995C14 35.7922 14.3111 36.5532 14.8665 37.1188L23.3176 45.7057C23.4082 45.7988 23.5165 45.8729 23.6361 45.9234C23.7558 45.974 23.8844 46 24.0143 46C24.1441 46 24.2727 45.974 24.3924 45.9234C24.512 45.8729 24.6203 45.7988 24.7109 45.7057C24.8962 45.5171 25 45.2633 25 44.999C25 44.7346 24.8962 44.4808 24.7109 44.2923\" fill=\"#F6F6F6\"><\/path><\/svg>\t\t\t<\/div>\n\t\t\t<div class=\"elementor-swiper-button elementor-swiper-button-next\" role=\"button\" tabindex=\"0\" aria-label=\"Further\">\n\t\t\t\t<svg xmlns=\"http:\/\/www.w3.org\/2000\/svg\" width=\"40\" height=\"69\" viewbox=\"0 0 40 69\" fill=\"none\"><rect width=\"40\" height=\"69\" fill=\"#5C170C\"><\/rect><path d=\"M14.2891 44.2941L22.7421 35.7053C22.9275 35.5179 23.0315 35.265 23.0315 35.0014C23.0315 34.7378 22.9275 34.4848 22.7421 34.2974L14.291 25.7068C14.1057 25.5182 14.0018 25.2645 14.0018 25.0001C14.0018 24.7357 14.1057 24.4819 14.291 24.2934C14.3815 24.2005 14.4897 24.1267 14.6091 24.0763C14.7286 24.026 14.857 24 14.9867 24C15.1163 24 15.2447 24.026 15.3642 24.0763C15.4837 24.1267 15.5919 24.2005 15.6824 24.2934L24.1335 32.8803C24.6889 33.4459 25 34.2069 25 34.9995C25 35.7922 24.6889 36.5532 24.1335 37.1188L15.6824 45.7057C15.5918 45.7988 15.4835 45.8729 15.3639 45.9234C15.2442 45.974 15.1156 46 14.9857 46C14.8559 46 14.7273 45.974 14.6076 45.9234C14.488 45.8729 14.3797 45.7988 14.2891 45.7057C14.1038 45.5171 14 45.2633 14 44.999C14 44.7346 14.1038 44.4808 14.2891 44.2923\" fill=\"#F6F6F6\"><\/path><\/svg>\t\t\t<\/div>\n\t\t\t\t\t\t<\/div>\n\t\t\t\t<\/div>\n\t\t<div class=\"elementor-element elementor-element-9a4ae08 e-flex e-con-boxed e-con e-parent\" data-id=\"9a4ae08\" data-element_type=\"container\" data-settings=\"{&quot;background_background&quot;:&quot;classic&quot;}\">\n\t\t\t\t\t<div class=\"e-con-inner\">\n\t\t\t\t<div class=\"elementor-element elementor-element-5e9562b elementor-arrows-position-outside elementor-widget elementor-widget-n-carousel\" data-id=\"5e9562b\" data-element_type=\"widget\" data-settings=\"{&quot;carousel_items&quot;:[{&quot;slide_title&quot;:&quot;Slide #1&quot;,&quot;_id&quot;:&quot;0b356e6&quot;},{&quot;slide_title&quot;:&quot;Slide #1&quot;,&quot;_id&quot;:&quot;400bcbc&quot;}],&quot;slides_to_show&quot;:&quot;1&quot;,&quot;slides_to_scroll&quot;:&quot;1&quot;,&quot;image_spacing_custom&quot;:{&quot;unit&quot;:&quot;px&quot;,&quot;size&quot;:0,&quot;sizes&quot;:[]},&quot;slides_to_show_tablet&quot;:&quot;1&quot;,&quot;slides_to_scroll_tablet&quot;:&quot;1&quot;,&quot;slides_to_show_laptop&quot;:&quot;1&quot;,&quot;slides_to_scroll_laptop&quot;:&quot;1&quot;,&quot;slides_to_scroll_mobile&quot;:&quot;1&quot;,&quot;slides_to_show_mobile&quot;:&quot;1&quot;,&quot;infinite&quot;:&quot;yes&quot;,&quot;speed&quot;:500,&quot;offset_sides&quot;:&quot;none&quot;,&quot;arrows&quot;:&quot;yes&quot;,&quot;image_spacing_custom_laptop&quot;:{&quot;unit&quot;:&quot;px&quot;,&quot;size&quot;:&quot;&quot;,&quot;sizes&quot;:[]},&quot;image_spacing_custom_tablet&quot;:{&quot;unit&quot;:&quot;px&quot;,&quot;size&quot;:&quot;&quot;,&quot;sizes&quot;:[]},&quot;image_spacing_custom_mobile&quot;:{&quot;unit&quot;:&quot;px&quot;,&quot;size&quot;:&quot;&quot;,&quot;sizes&quot;:[]}}\" data-widget_type=\"nested-carousel.default\">\n\t\t\t\t\t\t\t<div class=\"e-n-carousel swiper\" role=\"region\" aria-roledescription=\"carousel\" aria-label=\"Carousel\" dir=\"ltr\">\n\t\t\t<div class=\"swiper-wrapper\" aria-live=\"polite\">\n\t\t\t\t\t\t\t\t\t\t<div class=\"swiper-slide\" data-slide=\"1\" role=\"group\" aria-roledescription=\"slide\" aria-label=\"1 from 2\">\n\t\t\t\t\t\t\t<div class=\"elementor-element elementor-element-132ae44 e-con-full e-flex e-con e-child\" data-id=\"132ae44\" data-element_type=\"container\">\n\t\t<div class=\"elementor-element elementor-element-8f45d58 e-con-full e-flex e-con e-child\" data-id=\"8f45d58\" data-element_type=\"container\" data-settings=\"{&quot;background_background&quot;:&quot;classic&quot;}\">\n\t\t\t\t<\/div>\n\t\t\t\t<\/div>\n\t\t\t\t\t\t\t\t<\/div>\n\t\t\t\t\t\t\t\t\t\t\t<div class=\"swiper-slide\" data-slide=\"2\" role=\"group\" aria-roledescription=\"slide\" aria-label=\"2 from 2\">\n\t\t\t\t\t\t\t<div class=\"elementor-element elementor-element-85e4c31 e-con-full e-flex e-con e-child\" data-id=\"85e4c31\" data-element_type=\"container\">\n\t\t<div class=\"elementor-element elementor-element-2746d7d e-con-full e-flex e-con e-child\" data-id=\"2746d7d\" data-element_type=\"container\" data-settings=\"{&quot;background_background&quot;:&quot;classic&quot;}\">\n\t\t\t\t<\/div>\n\t\t\t\t<\/div>\n\t\t\t\t\t\t\t\t<\/div>\n\t\t\t\t\t\t\t\t<\/div>\n\t\t<\/div>\n\t\t\t\t\t<div class=\"elementor-swiper-button elementor-swiper-button-prev\" role=\"button\" tabindex=\"0\" aria-label=\"Previous\">\n\t\t\t\t<svg xmlns=\"http:\/\/www.w3.org\/2000\/svg\" width=\"40\" height=\"69\" viewbox=\"0 0 40 69\" fill=\"none\"><rect width=\"40\" height=\"69\" fill=\"#5C170C\"><\/rect><path d=\"M24.7109 44.2941L16.2579 35.7053C16.0725 35.5179 15.9685 35.265 15.9685 35.0014C15.9685 34.7378 16.0725 34.4848 16.2579 34.2974L24.709 25.7068C24.8943 25.5182 24.9982 25.2645 24.9982 25.0001C24.9982 24.7357 24.8943 24.4819 24.709 24.2934C24.6185 24.2005 24.5103 24.1267 24.3909 24.0763C24.2714 24.026 24.143 24 24.0133 24C23.8837 24 23.7553 24.026 23.6358 24.0763C23.5163 24.1267 23.4081 24.2005 23.3176 24.2934L14.8665 32.8803C14.3111 33.4459 14 34.2069 14 34.9995C14 35.7922 14.3111 36.5532 14.8665 37.1188L23.3176 45.7057C23.4082 45.7988 23.5165 45.8729 23.6361 45.9234C23.7558 45.974 23.8844 46 24.0143 46C24.1441 46 24.2727 45.974 24.3924 45.9234C24.512 45.8729 24.6203 45.7988 24.7109 45.7057C24.8962 45.5171 25 45.2633 25 44.999C25 44.7346 24.8962 44.4808 24.7109 44.2923\" fill=\"#F6F6F6\"><\/path><\/svg>\t\t\t<\/div>\n\t\t\t<div class=\"elementor-swiper-button elementor-swiper-button-next\" role=\"button\" tabindex=\"0\" aria-label=\"Further\">\n\t\t\t\t<svg xmlns=\"http:\/\/www.w3.org\/2000\/svg\" width=\"40\" height=\"69\" viewbox=\"0 0 40 69\" fill=\"none\"><rect width=\"40\" height=\"69\" fill=\"#5C170C\"><\/rect><path d=\"M14.2891 44.2941L22.7421 35.7053C22.9275 35.5179 23.0315 35.265 23.0315 35.0014C23.0315 34.7378 22.9275 34.4848 22.7421 34.2974L14.291 25.7068C14.1057 25.5182 14.0018 25.2645 14.0018 25.0001C14.0018 24.7357 14.1057 24.4819 14.291 24.2934C14.3815 24.2005 14.4897 24.1267 14.6091 24.0763C14.7286 24.026 14.857 24 14.9867 24C15.1163 24 15.2447 24.026 15.3642 24.0763C15.4837 24.1267 15.5919 24.2005 15.6824 24.2934L24.1335 32.8803C24.6889 33.4459 25 34.2069 25 34.9995C25 35.7922 24.6889 36.5532 24.1335 37.1188L15.6824 45.7057C15.5918 45.7988 15.4835 45.8729 15.3639 45.9234C15.2442 45.974 15.1156 46 14.9857 46C14.8559 46 14.7273 45.974 14.6076 45.9234C14.488 45.8729 14.3797 45.7988 14.2891 45.7057C14.1038 45.5171 14 45.2633 14 44.999C14 44.7346 14.1038 44.4808 14.2891 44.2923\" fill=\"#F6F6F6\"><\/path><\/svg>\t\t\t<\/div>\n\t\t\t\t\t\t<\/div>\n\t\t<div class=\"elementor-element elementor-element-2402ac2 e-con-full e-flex e-con e-child\" data-id=\"2402ac2\" data-element_type=\"container\">\n\t\t\t\t<div class=\"elementor-element elementor-element-a94bc14 elementor-widget elementor-widget-heading\" data-id=\"a94bc14\" data-element_type=\"widget\" data-widget_type=\"heading.default\">\n\t\t\t\t\t<h1 class=\"elementor-heading-title elementor-size-default\">Shipping\n<\/h1>\t\t\t\t<\/div>\n\t\t\t\t<div class=\"elementor-element elementor-element-2c363b4 elementor-widget elementor-widget-text-editor\" data-id=\"2c363b4\" data-element_type=\"widget\" data-widget_type=\"text-editor.default\">\n\t\t\t\t\t\t\t\t\t<p>In summer, enjoy the 3 lakes boat trip or a leisurely trip to St. Peter's Island with a walk to the sites of the philosopher Jean-Jacques Rousseau.<\/p><p>Boat moorings are available for our guests with sailing or motor boats in the old L\u00e4ndte (approx. 5 minutes' walk from the B\u00e4ren in the direction of Ligerz).<\/p>\t\t\t\t\t\t\t\t<\/div>\n\t\t\t\t<\/div>\n\t\t\t\t\t<\/div>\n\t\t\t\t<\/div>\n\t\t<div class=\"elementor-element elementor-element-e8f33d0 e-flex e-con-boxed e-con e-parent\" data-id=\"e8f33d0\" data-element_type=\"container\" data-settings=\"{&quot;background_background&quot;:&quot;classic&quot;}\">\n\t\t\t\t\t<div class=\"e-con-inner\">\n\t\t<div class=\"elementor-element elementor-element-a0c4caa e-con-full e-flex e-con e-child\" data-id=\"a0c4caa\" data-element_type=\"container\">\n\t\t<div class=\"elementor-element elementor-element-826df19 e-con-full e-flex e-con e-child\" data-id=\"826df19\" data-element_type=\"container\">\n\t\t\t\t<div class=\"elementor-element elementor-element-4681f2c elementor-widget elementor-widget-heading\" data-id=\"4681f2c\" data-element_type=\"widget\" data-widget_type=\"heading.default\">\n\t\t\t\t\t<h2 class=\"elementor-heading-title elementor-size-default\">This could be of interest to you:<\/h2>\t\t\t\t<\/div>\n\t\t\t\t<\/div>\n\t\t<div class=\"elementor-element elementor-element-a501c49 e-con-full e-flex e-con e-child\" data-id=\"a501c49\" data-element_type=\"container\">\n\t\t<div class=\"elementor-element elementor-element-0e70436 e-grid e-con-full e-con e-child\" data-id=\"0e70436\" data-element_type=\"container\">\n\t\t\t\t<div class=\"elementor-element elementor-element-0f4f238 elementor-cta--skin-cover elementor-cta--valign-bottom elementor-widget elementor-widget-call-to-action\" data-id=\"0f4f238\" data-element_type=\"widget\" data-widget_type=\"call-to-action.default\">\n\t\t\t\t\t\t\t<a class=\"elementor-cta\" href=\"\/en\/lakeside-terrace-garden\/\">\n\t\t\t\t\t<div class=\"elementor-cta__bg-wrapper\">\n\t\t\t\t<div class=\"elementor-cta__bg elementor-bg\" style=\"background-image: url(https:\/\/baeren-twann.ch\/wp-content\/uploads\/2025\/10\/SubImage-2.webp);\" role=\"img\" aria-label=\"SubImage (2)\"><\/div>\n\t\t\t\t<div class=\"elementor-cta__bg-overlay\"><\/div>\n\t\t\t<\/div>\n\t\t\t\t\t\t\t<div class=\"elementor-cta__content\">\n\t\t\t\t\n\t\t\t\t\t\t\t\t\t<h2 class=\"elementor-cta__title elementor-cta__content-item elementor-content-item\">\n\t\t\t\t\t\tLake terrace &amp; garden\t\t\t\t\t<\/h2>\n\t\t\t\t\n\t\t\t\t\n\t\t\t\t\t\t\t<\/div>\n\t\t\t\t\t\t<\/a>\n\t\t\t\t\t\t<\/div>\n\t\t\t\t<div class=\"elementor-element elementor-element-6095648 elementor-cta--skin-cover elementor-cta--valign-bottom elementor-widget elementor-widget-call-to-action\" data-id=\"6095648\" data-element_type=\"widget\" data-widget_type=\"call-to-action.default\">\n\t\t\t\t\t\t\t<a class=\"elementor-cta\" href=\"\/en\/restaurant\/\">\n\t\t\t\t\t<div class=\"elementor-cta__bg-wrapper\">\n\t\t\t\t<div class=\"elementor-cta__bg elementor-bg\" style=\"background-image: url(https:\/\/baeren-twann.ch\/wp-content\/uploads\/2025\/10\/SubImage-1.webp);\" role=\"img\" aria-label=\"SubImage (1)\"><\/div>\n\t\t\t\t<div class=\"elementor-cta__bg-overlay\"><\/div>\n\t\t\t<\/div>\n\t\t\t\t\t\t\t<div class=\"elementor-cta__content\">\n\t\t\t\t\n\t\t\t\t\t\t\t\t\t<h2 class=\"elementor-cta__title elementor-cta__content-item elementor-content-item\">\n\t\t\t\t\t\tRestaurant\t\t\t\t\t<\/h2>\n\t\t\t\t\n\t\t\t\t\n\t\t\t\t\t\t\t<\/div>\n\t\t\t\t\t\t<\/a>\n\t\t\t\t\t\t<\/div>\n\t\t\t\t<div class=\"elementor-element elementor-element-414c405 elementor-cta--skin-cover elementor-cta--valign-bottom elementor-widget elementor-widget-call-to-action\" data-id=\"414c405\" data-element_type=\"widget\" data-widget_type=\"call-to-action.default\">\n\t\t\t\t\t\t\t<a class=\"elementor-cta\" href=\"\/en\/festivals\/\">\n\t\t\t\t\t<div class=\"elementor-cta__bg-wrapper\">\n\t\t\t\t<div class=\"elementor-cta__bg elementor-bg\" style=\"background-image: url(https:\/\/baeren-twann.ch\/wp-content\/uploads\/2025\/10\/SubImage-3.webp);\" role=\"img\" aria-label=\"SubImage (3)\"><\/div>\n\t\t\t\t<div class=\"elementor-cta__bg-overlay\"><\/div>\n\t\t\t<\/div>\n\t\t\t\t\t\t\t<div class=\"elementor-cta__content\">\n\t\t\t\t\n\t\t\t\t\t\t\t\t\t<h2 class=\"elementor-cta__title elementor-cta__content-item elementor-content-item\">\n\t\t\t\t\t\tBanqueting halls\t\t\t\t\t<\/h2>\n\t\t\t\t\n\t\t\t\t\n\t\t\t\t\t\t\t<\/div>\n\t\t\t\t\t\t<\/a>\n\t\t\t\t\t\t<\/div>\n\t\t\t\t<\/div>\n\t\t\t\t<\/div>\n\t\t\t\t<\/div>\n\t\t\t\t\t<\/div>\n\t\t\t\t<\/div>\n\t\t\t\t<\/div>","protected":false},"excerpt":{"rendered":"<p>Schifffahrt Im Sommer geniesssen Sie die 3 Seen-Schifffahrt oder eine gem\u00fctliche Fahrt zur St. Petersinsel mit einem Marsch zu den St\u00e4tten des Philosophen Jean-Jacques Rousseau. F\u00fcr unsere G\u00e4ste mit Segel-oder Motorbooten stehen in der alten L\u00e4ndte Bootsanlegepl\u00e4tze zur Verf\u00fcgung.(Zu Fuss ca. 5 Minuten vom B\u00e4ren entfernt, Richtung Ligerz). Dies k\u00f6nnte interessant f\u00fcr Sie sein: Seeterrasse [&hellip;]<\/p>","protected":false},"author":2,"featured_media":0,"parent":582,"menu_order":0,"comment_status":"closed","ping_status":"closed","template":"elementor_header_footer","meta":{"footnotes":""},"class_list":["post-619","page","type-page","status-publish","hentry"],"_links":{"self":[{"href":"https:\/\/baeren-twann.ch\/en\/wp-json\/wp\/v2\/pages\/619","targetHints":{"allow":["GET"]}}],"collection":[{"href":"https:\/\/baeren-twann.ch\/en\/wp-json\/wp\/v2\/pages"}],"about":[{"href":"https:\/\/baeren-twann.ch\/en\/wp-json\/wp\/v2\/types\/page"}],"author":[{"embeddable":true,"href":"https:\/\/baeren-twann.ch\/en\/wp-json\/wp\/v2\/users\/2"}],"replies":[{"embeddable":true,"href":"https:\/\/baeren-twann.ch\/en\/wp-json\/wp\/v2\/comments?post=619"}],"version-history":[{"count":0,"href":"https:\/\/baeren-twann.ch\/en\/wp-json\/wp\/v2\/pages\/619\/revisions"}],"up":[{"embeddable":true,"href":"https:\/\/baeren-twann.ch\/en\/wp-json\/wp\/v2\/pages\/582"}],"wp:attachment":[{"href":"https:\/\/baeren-twann.ch\/en\/wp-json\/wp\/v2\/media?parent=619"}],"curies":[{"name":"wp","href":"https:\/\/api.w.org\/{rel}","templated":true}]}}