{"id":416,"date":"2025-10-07T22:38:40","date_gmt":"2025-10-07T21:38:40","guid":{"rendered":"https:\/\/baeren-twann.ch\/?page_id=416"},"modified":"2025-10-08T00:20:50","modified_gmt":"2025-10-07T23:20:50","slug":"places-de-stationnement","status":"publish","type":"page","link":"https:\/\/baeren-twann.ch\/fr\/hotel\/parkplatze\/","title":{"rendered":"Parkplatze"},"content":{"rendered":"<div data-elementor-type=\"wp-page\" data-elementor-id=\"416\" class=\"elementor elementor-416\" data-elementor-post-type=\"page\">\n\t\t\t\t<div class=\"elementor-element elementor-element-9a4ae08 e-flex e-con-boxed e-con e-parent\" data-id=\"9a4ae08\" data-element_type=\"container\" data-e-type=\"container\" data-settings=\"{&quot;background_background&quot;:&quot;classic&quot;}\">\n\t\t\t\t\t<div class=\"e-con-inner\">\n\t\t<div class=\"elementor-element elementor-element-2402ac2 e-con-full e-flex e-con e-child\" data-id=\"2402ac2\" data-element_type=\"container\" data-e-type=\"container\">\n\t\t\t\t<div class=\"elementor-element elementor-element-a94bc14 elementor-widget elementor-widget-heading\" data-id=\"a94bc14\" data-element_type=\"widget\" data-e-type=\"widget\" data-widget_type=\"heading.default\">\n\t\t\t\t\t<h1 class=\"elementor-heading-title elementor-size-default\">Places de parking\n<\/h1>\t\t\t\t<\/div>\n\t\t\t\t<div class=\"elementor-element elementor-element-2c363b4 elementor-widget elementor-widget-text-editor\" data-id=\"2c363b4\" data-element_type=\"widget\" data-e-type=\"widget\" data-widget_type=\"text-editor.default\">\n\t\t\t\t\t\t\t\t\t<p>64 places de parking gratuites sont \u00e0 votre disposition directement devant notre \u00e9tablissement.<\/p>\t\t\t\t\t\t\t\t<\/div>\n\t\t\t\t<\/div>\n\t\t<div class=\"elementor-element elementor-element-8f45d58 e-con-full e-flex e-con e-child\" data-id=\"8f45d58\" data-element_type=\"container\" data-e-type=\"container\" data-settings=\"{&quot;background_background&quot;:&quot;classic&quot;}\">\n\t\t\t\t<\/div>\n\t\t\t\t\t<\/div>\n\t\t\t\t<\/div>\n\t\t\t\t<\/div>","protected":false},"excerpt":{"rendered":"<p>Parkpl\u00e4tze 64 Parkpl\u00e4tze stehen Ihnen gratis direkt vor unserem Haus zur Verf\u00fcgung.<\/p>","protected":false},"author":2,"featured_media":0,"parent":172,"menu_order":0,"comment_status":"closed","ping_status":"closed","template":"elementor_header_footer","meta":{"footnotes":""},"class_list":["post-416","page","type-page","status-publish","hentry"],"_links":{"self":[{"href":"https:\/\/baeren-twann.ch\/fr\/wp-json\/wp\/v2\/pages\/416","targetHints":{"allow":["GET"]}}],"collection":[{"href":"https:\/\/baeren-twann.ch\/fr\/wp-json\/wp\/v2\/pages"}],"about":[{"href":"https:\/\/baeren-twann.ch\/fr\/wp-json\/wp\/v2\/types\/page"}],"author":[{"embeddable":true,"href":"https:\/\/baeren-twann.ch\/fr\/wp-json\/wp\/v2\/users\/2"}],"replies":[{"embeddable":true,"href":"https:\/\/baeren-twann.ch\/fr\/wp-json\/wp\/v2\/comments?post=416"}],"version-history":[{"count":1,"href":"https:\/\/baeren-twann.ch\/fr\/wp-json\/wp\/v2\/pages\/416\/revisions"}],"predecessor-version":[{"id":870,"href":"https:\/\/baeren-twann.ch\/fr\/wp-json\/wp\/v2\/pages\/416\/revisions\/870"}],"up":[{"embeddable":true,"href":"https:\/\/baeren-twann.ch\/fr\/wp-json\/wp\/v2\/pages\/172"}],"wp:attachment":[{"href":"https:\/\/baeren-twann.ch\/fr\/wp-json\/wp\/v2\/media?parent=416"}],"curies":[{"name":"wp","href":"https:\/\/api.w.org\/{rel}","templated":true}]}}