{"id":507,"date":"2025-10-08T00:16:09","date_gmt":"2025-10-07T23:16:09","guid":{"rendered":"https:\/\/baeren-twann.ch\/?page_id=507"},"modified":"2025-10-08T00:17:42","modified_gmt":"2025-10-07T23:17:42","slug":"declaration-de-protection-des-donnees","status":"publish","type":"page","link":"https:\/\/baeren-twann.ch\/fr\/datenschutzerklarung\/","title":{"rendered":"D\u00e9claration de confidentialit\u00e9"},"content":{"rendered":"<div data-elementor-type=\"wp-page\" data-elementor-id=\"507\" class=\"elementor elementor-507\" data-elementor-post-type=\"page\">\n\t\t\t\t<div class=\"elementor-element elementor-element-34a8a5d e-flex e-con-boxed e-con e-parent\" data-id=\"34a8a5d\" data-element_type=\"container\" data-e-type=\"container\" data-settings=\"{&quot;background_background&quot;:&quot;classic&quot;}\">\n\t\t\t\t\t<div class=\"e-con-inner\">\n\t\t\t\t<div class=\"elementor-element elementor-element-c0f405e elementor-widget elementor-widget-heading\" data-id=\"c0f405e\" data-element_type=\"widget\" data-e-type=\"widget\" data-widget_type=\"heading.default\">\n\t\t\t\t\t<h2 class=\"elementor-heading-title elementor-size-default\">D\u00e9claration de confidentialit\u00e9<\/h2>\t\t\t\t<\/div>\n\t\t\t\t<div class=\"elementor-element elementor-element-278e2a2 elementor-widget elementor-widget-text-editor\" data-id=\"278e2a2\" data-element_type=\"widget\" data-e-type=\"widget\" data-widget_type=\"text-editor.default\">\n\t\t\t\t\t\t\t\t\t<p>Nous souhaitons vous informer ci-apr\u00e8s sur la nature, l'\u00e9tendue et la finalit\u00e9 de la collecte et de l'utilisation de donn\u00e9es personnelles par l'exploitant du site www.cornu.ch.<\/p><p>Ce site web contient des liens vers d'autres sites web. Seuls les exploitants de ces sites sont responsables de leur contenu et de leur fonctionnement.<\/p><p>Donn\u00e9es d'acc\u00e8s<\/p><p>Lorsque vous visitez notre site web, notre serveur web enregistre par d\u00e9faut les donn\u00e9es suivantes en tant que \u00abfichiers journaux du serveur\u00bb :<\/p><p>- Date d'acc\u00e8s<\/p><p>- quantit\u00e9 de donn\u00e9es envoy\u00e9es en octets<\/p><p>- Source\/r\u00e9f\u00e9rence \u00e0 partir de laquelle vous avez acc\u00e9d\u00e9 \u00e0 la page<\/p><p>- Navigateur et syst\u00e8me d'exploitation utilis\u00e9s<\/p><p>- Adresse IP utilis\u00e9e, qui vous a \u00e9t\u00e9 attribu\u00e9e par votre fournisseur d'acc\u00e8s Internet<\/p><p>Les donn\u00e9es collect\u00e9es servent uniquement \u00e0 des \u00e9valuations statistiques et \u00e0 l'am\u00e9lioration du site web.<\/p><p>Google Analytics<\/p><p>Ce site web utilise Google Analytics, un service d'analyse web de Google Inc. Google Analytics utilise des \u00abcookies\u00bb, des fichiers texte qui sont enregistr\u00e9s sur votre ordinateur et qui permettent d'analyser l'utilisation du site web. Les donn\u00e9es g\u00e9n\u00e9r\u00e9es par les cookies concernant votre utilisation du site (y compris votre adresse IP) seront transmises et stock\u00e9es par Google sur des serveurs situ\u00e9s aux \u00c9tats-Unis.<\/p><p>\u00a0<\/p><p>Google utilisera cette information dans le but d'\u00e9valuer votre utilisation du site, de compiler des rapports sur l'activit\u00e9 du site \u00e0 destination de son \u00e9diteur et de fournir d'autres services relatifs \u00e0 l'activit\u00e9 du site et \u00e0 l'utilisation d'Internet. Le cas \u00e9ch\u00e9ant, Google transmettra \u00e9galement ces informations \u00e0 des tiers, dans la mesure o\u00f9 cela est prescrit par la loi ou si des tiers traitent ces donn\u00e9es pour le compte de Google. Google n'associera en aucun cas votre adresse IP \u00e0 d'autres donn\u00e9es de Google Inc.<\/p><p>Cookies<\/p><p>Lors de l'utilisation de nos sites web et de nos applications client, nous enregistrons des paquets de donn\u00e9es sur l'ordinateur de l'utilisateur - appel\u00e9s cookies. Cette technologie est n\u00e9cessaire pour reconna\u00eetre les utilisateurs et pr\u00e9senter des informations et des applications client personnalis\u00e9es, ainsi que pour garantir l'acc\u00e8s aux donn\u00e9es client et obtenir des informations sur l'utilisation imm\u00e9diate. Les utilisateurs peuvent emp\u00eacher l'enregistrement de cookies en utilisant les param\u00e8tres appropri\u00e9s de leur navigateur. Toutefois, cela peut nuire \u00e0 l'utilisation de nos sites web et de nos applications client ou les rendre impossibles.<\/p><p>Traitement des donn\u00e9es \u00e0 caract\u00e8re personnel<\/p><p>L'exploitant du site web ne collecte, n'utilise et ne transmet vos donn\u00e9es personnelles que si cela est autoris\u00e9 dans le cadre l\u00e9gal ou si vous consentez \u00e0 la collecte des donn\u00e9es.<\/p><p>Sont consid\u00e9r\u00e9es comme des donn\u00e9es personnelles toutes les informations qui permettent de vous identifier et qui peuvent \u00eatre retrac\u00e9es jusqu'\u00e0 vous - par exemple votre nom, votre adresse e-mail et votre num\u00e9ro de t\u00e9l\u00e9phone.<\/p><p>Traitement des donn\u00e9es de contact<\/p><p>Si vous nous contactez via le formulaire de contact int\u00e9gr\u00e9 \u00e0 nos pages Internet, vos donn\u00e9es seront enregistr\u00e9es afin que nous puissions traiter votre demande et vous r\u00e9pondre. Ces donn\u00e9es ne seront pas transmises \u00e0 des tiers sans votre accord.<\/p><p>Abonnement \u00e0 la newsletter<\/p><p>Nous vous proposons une newsletter dans laquelle nous vous informons des \u00e9v\u00e9nements actuels et des offres. Si vous souhaitez vous abonner \u00e0 la newsletter, vous devez indiquer une adresse e-mail valide.<\/p><p>Utilisation de plug-ins de m\u00e9dias sociaux<\/p><p>Facebook<\/p><p>Sur nos pages sont int\u00e9gr\u00e9s des plugins du r\u00e9seau social Facebook, 1601 South California Avenue, Palo Alto, CA 94304, USA. Vous reconnaissez les plugins Facebook au logo Facebook ou au bouton \u00abLike\u00bb (\u00abJ'aime\u00bb) sur notre site. Vous trouverez un aper\u00e7u des plugins Facebook ici : http:\/\/developers.facebook.com\/docs\/plugins\/. Lorsque vous visitez nos pages, une connexion directe entre votre navigateur et le serveur Facebook est \u00e9tablie via le plugin. Facebook re\u00e7oit ainsi l'information que vous avez visit\u00e9 notre site avec votre adresse IP. Si vous cliquez sur le bouton \u00abJ'aime\u00bb de Facebook alors que vous \u00eates connect\u00e9 \u00e0 votre compte Facebook, vous pouvez lier le contenu de nos pages \u00e0 votre profil Facebook. Facebook peut ainsi attribuer la visite de nos pages \u00e0 votre compte d'utilisateur. Nous attirons votre attention sur le fait qu'en tant que fournisseur des pages, nous n'avons pas connaissance du contenu des donn\u00e9es transmises ni de leur utilisation par Facebook. Vous trouverez de plus amples informations \u00e0 ce sujet dans la d\u00e9claration de protection des donn\u00e9es de facebook sous https:\/\/de-de.facebook.com\/policy.php.<\/p><p>\u00a0<\/p><p>Si vous ne souhaitez pas que Facebook puisse attribuer la visite de nos pages \u00e0 votre compte d'utilisateur Facebook, veuillez vous d\u00e9connecter de votre compte d'utilisateur Facebook.<\/p><p>Acc\u00e8s, rectification et suppression<\/p><p>Sur demande, vous pouvez obtenir gratuitement des informations sur les donn\u00e9es \u00e0 caract\u00e8re personnel vous concernant qui ont \u00e9t\u00e9 enregistr\u00e9es. Dans la mesure o\u00f9 votre demande n'entre pas en conflit avec une obligation l\u00e9gale de conservation des donn\u00e9es (par exemple la conservation des donn\u00e9es), vous avez le droit de faire rectifier les donn\u00e9es erron\u00e9es et de faire bloquer ou supprimer vos donn\u00e9es personnelles.<\/p>\t\t\t\t\t\t\t\t<\/div>\n\t\t\t\t\t<\/div>\n\t\t\t\t<\/div>\n\t\t\t\t<\/div>","protected":false},"excerpt":{"rendered":"<p>Datenschutzerklarung Nachfolgend m\u00f6chten wir Sie u\u0308ber die Art, den Umfang und den Zweck der Erhebung und Verwendung personenbezogener Daten durch den Websitebetreiber www.cornu.ch informieren. Diese Website enth\u00e4lt Links auf andere Websites. F\u00fcr den Inhalt und die Funktion dieser verlinkten Websites sind ausschliesslich deren Betreiber verantwortlich. Zugriffsdaten Wenn Sie unsere Website besuchen, speichert unser Webserver standardm\u00e4ssig [&hellip;]<\/p>\n","protected":false},"author":2,"featured_media":0,"parent":0,"menu_order":0,"comment_status":"closed","ping_status":"closed","template":"elementor_header_footer","meta":{"footnotes":""},"class_list":["post-507","page","type-page","status-publish","hentry"],"_links":{"self":[{"href":"https:\/\/baeren-twann.ch\/fr\/wp-json\/wp\/v2\/pages\/507","targetHints":{"allow":["GET"]}}],"collection":[{"href":"https:\/\/baeren-twann.ch\/fr\/wp-json\/wp\/v2\/pages"}],"about":[{"href":"https:\/\/baeren-twann.ch\/fr\/wp-json\/wp\/v2\/types\/page"}],"author":[{"embeddable":true,"href":"https:\/\/baeren-twann.ch\/fr\/wp-json\/wp\/v2\/users\/2"}],"replies":[{"embeddable":true,"href":"https:\/\/baeren-twann.ch\/fr\/wp-json\/wp\/v2\/comments?post=507"}],"version-history":[{"count":0,"href":"https:\/\/baeren-twann.ch\/fr\/wp-json\/wp\/v2\/pages\/507\/revisions"}],"wp:attachment":[{"href":"https:\/\/baeren-twann.ch\/fr\/wp-json\/wp\/v2\/media?parent=507"}],"curies":[{"name":"wp","href":"https:\/\/api.w.org\/{rel}","templated":true}]}}